{"id":1278,"date":"2024-06-13T17:44:13","date_gmt":"2024-06-13T15:44:13","guid":{"rendered":"https:\/\/memority.p2.pp-izhak.fr\/nos-offres\/"},"modified":"2024-07-07T23:14:56","modified_gmt":"2024-07-07T21:14:56","slug":"offers","status":"publish","type":"page","link":"https:\/\/memority.p2.pp-izhak.fr\/en\/offers\/","title":{"rendered":"Our offers"},"content":{"rendered":"","protected":false},"excerpt":{"rendered":"","protected":false},"author":1,"featured_media":0,"parent":0,"menu_order":0,"comment_status":"closed","ping_status":"closed","template":"tpl-advanced.php","meta":{"_acf_changed":false,"inline_featured_image":false,"footnotes":""},"class_list":["post-1278","page","type-page","status-publish","hentry"],"acf":[],"yoast_head":"<!-- This site is optimized with the Yoast SEO plugin v25.6 - https:\/\/yoast.com\/wordpress\/plugins\/seo\/ -->\n<title>Nos offres - Memority<\/title>\n<meta name=\"description\" content=\"D\u00e9couvrez nos trois offres compl\u00e9mentaires : MY-Identity, MY-Access et MY-Keys. Nos experts vous accompagnent pour r\u00e9dondre \u00e0 vos besoins.\" \/>\n<meta name=\"robots\" content=\"noindex, follow, max-snippet:-1, max-image-preview:large, max-video-preview:-1\" \/>\n<meta property=\"og:locale\" content=\"en_US\" \/>\n<meta property=\"og:type\" content=\"article\" \/>\n<meta property=\"og:title\" content=\"Nos offres - Memority\" \/>\n<meta property=\"og:description\" content=\"D\u00e9couvrez nos trois offres compl\u00e9mentaires : MY-Identity, MY-Access et MY-Keys. Nos experts vous accompagnent pour r\u00e9dondre \u00e0 vos besoins.\" \/>\n<meta property=\"og:url\" content=\"https:\/\/memority.p2.pp-izhak.fr\/en\/offers\/\" \/>\n<meta property=\"og:site_name\" content=\"Memority\" \/>\n<meta property=\"article:modified_time\" content=\"2024-07-07T21:14:56+00:00\" \/>\n<meta name=\"twitter:card\" content=\"summary_large_image\" \/>\n<meta name=\"twitter:label1\" content=\"Est. reading time\" \/>\n\t<meta name=\"twitter:data1\" content=\"3 minutes\" \/>\n<script type=\"application\/ld+json\" class=\"yoast-schema-graph\">{\"@context\":\"https:\/\/schema.org\",\"@graph\":[{\"@type\":\"WebPage\",\"@id\":\"https:\/\/memority.p2.pp-izhak.fr\/en\/offers\/\",\"url\":\"https:\/\/memority.p2.pp-izhak.fr\/en\/offers\/\",\"name\":\"Nos offres - Memority\",\"isPartOf\":{\"@id\":\"https:\/\/memority.p2.pp-izhak.fr\/#website\"},\"datePublished\":\"2024-06-13T15:44:13+00:00\",\"dateModified\":\"2024-07-07T21:14:56+00:00\",\"description\":\"D\u00e9couvrez nos trois offres compl\u00e9mentaires : MY-Identity, MY-Access et MY-Keys. Nos experts vous accompagnent pour r\u00e9dondre \u00e0 vos besoins.\",\"breadcrumb\":{\"@id\":\"https:\/\/memority.p2.pp-izhak.fr\/en\/offers\/#breadcrumb\"},\"inLanguage\":\"en-US\",\"potentialAction\":[{\"@type\":\"ReadAction\",\"target\":[\"https:\/\/memority.p2.pp-izhak.fr\/en\/offers\/\"]}]},{\"@type\":\"BreadcrumbList\",\"@id\":\"https:\/\/memority.p2.pp-izhak.fr\/en\/offers\/#breadcrumb\",\"itemListElement\":[{\"@type\":\"ListItem\",\"position\":1,\"name\":\"Home\",\"item\":\"https:\/\/memority.p2.pp-izhak.fr\/en\/\"},{\"@type\":\"ListItem\",\"position\":2,\"name\":\"Our offers\"}]},{\"@type\":\"WebSite\",\"@id\":\"https:\/\/memority.p2.pp-izhak.fr\/#website\",\"url\":\"https:\/\/memority.p2.pp-izhak.fr\/\",\"name\":\"Memority\",\"description\":\"L&#039;IDaaS europ\u00e9enau service des enjeux business\",\"potentialAction\":[{\"@type\":\"SearchAction\",\"target\":{\"@type\":\"EntryPoint\",\"urlTemplate\":\"https:\/\/memority.p2.pp-izhak.fr\/?s={search_term_string}\"},\"query-input\":{\"@type\":\"PropertyValueSpecification\",\"valueRequired\":true,\"valueName\":\"search_term_string\"}}],\"inLanguage\":\"en-US\"}]}<\/script>\n<!-- \/ Yoast SEO plugin. -->","yoast_head_json":{"title":"Nos offres - Memority","description":"D\u00e9couvrez nos trois offres compl\u00e9mentaires : MY-Identity, MY-Access et MY-Keys. Nos experts vous accompagnent pour r\u00e9dondre \u00e0 vos besoins.","robots":{"index":"noindex","follow":"follow","max-snippet":"max-snippet:-1","max-image-preview":"max-image-preview:large","max-video-preview":"max-video-preview:-1"},"og_locale":"en_US","og_type":"article","og_title":"Nos offres - Memority","og_description":"D\u00e9couvrez nos trois offres compl\u00e9mentaires : MY-Identity, MY-Access et MY-Keys. Nos experts vous accompagnent pour r\u00e9dondre \u00e0 vos besoins.","og_url":"https:\/\/memority.p2.pp-izhak.fr\/en\/offers\/","og_site_name":"Memority","article_modified_time":"2024-07-07T21:14:56+00:00","twitter_card":"summary_large_image","twitter_misc":{"Est. reading time":"3 minutes"},"schema":{"@context":"https:\/\/schema.org","@graph":[{"@type":"WebPage","@id":"https:\/\/memority.p2.pp-izhak.fr\/en\/offers\/","url":"https:\/\/memority.p2.pp-izhak.fr\/en\/offers\/","name":"Nos offres - Memority","isPartOf":{"@id":"https:\/\/memority.p2.pp-izhak.fr\/#website"},"datePublished":"2024-06-13T15:44:13+00:00","dateModified":"2024-07-07T21:14:56+00:00","description":"D\u00e9couvrez nos trois offres compl\u00e9mentaires : MY-Identity, MY-Access et MY-Keys. Nos experts vous accompagnent pour r\u00e9dondre \u00e0 vos besoins.","breadcrumb":{"@id":"https:\/\/memority.p2.pp-izhak.fr\/en\/offers\/#breadcrumb"},"inLanguage":"en-US","potentialAction":[{"@type":"ReadAction","target":["https:\/\/memority.p2.pp-izhak.fr\/en\/offers\/"]}]},{"@type":"BreadcrumbList","@id":"https:\/\/memority.p2.pp-izhak.fr\/en\/offers\/#breadcrumb","itemListElement":[{"@type":"ListItem","position":1,"name":"Home","item":"https:\/\/memority.p2.pp-izhak.fr\/en\/"},{"@type":"ListItem","position":2,"name":"Our offers"}]},{"@type":"WebSite","@id":"https:\/\/memority.p2.pp-izhak.fr\/#website","url":"https:\/\/memority.p2.pp-izhak.fr\/","name":"Memority","description":"L&#039;IDaaS europ\u00e9enau service des enjeux business","potentialAction":[{"@type":"SearchAction","target":{"@type":"EntryPoint","urlTemplate":"https:\/\/memority.p2.pp-izhak.fr\/?s={search_term_string}"},"query-input":{"@type":"PropertyValueSpecification","valueRequired":true,"valueName":"search_term_string"}}],"inLanguage":"en-US"}]}},"_links":{"self":[{"href":"https:\/\/memority.p2.pp-izhak.fr\/en\/wp-json\/wp\/v2\/pages\/1278","targetHints":{"allow":["GET"]}}],"collection":[{"href":"https:\/\/memority.p2.pp-izhak.fr\/en\/wp-json\/wp\/v2\/pages"}],"about":[{"href":"https:\/\/memority.p2.pp-izhak.fr\/en\/wp-json\/wp\/v2\/types\/page"}],"author":[{"embeddable":true,"href":"https:\/\/memority.p2.pp-izhak.fr\/en\/wp-json\/wp\/v2\/users\/1"}],"replies":[{"embeddable":true,"href":"https:\/\/memority.p2.pp-izhak.fr\/en\/wp-json\/wp\/v2\/comments?post=1278"}],"version-history":[{"count":3,"href":"https:\/\/memority.p2.pp-izhak.fr\/en\/wp-json\/wp\/v2\/pages\/1278\/revisions"}],"predecessor-version":[{"id":1358,"href":"https:\/\/memority.p2.pp-izhak.fr\/en\/wp-json\/wp\/v2\/pages\/1278\/revisions\/1358"}],"wp:attachment":[{"href":"https:\/\/memority.p2.pp-izhak.fr\/en\/wp-json\/wp\/v2\/media?parent=1278"}],"curies":[{"name":"wp","href":"https:\/\/api.w.org\/{rel}","templated":true}]}}