{"id":1306,"date":"2024-06-13T17:47:35","date_gmt":"2024-06-13T15:47:35","guid":{"rendered":"https:\/\/memority.p2.pp-izhak.fr\/architecture-et-securite\/"},"modified":"2024-07-07T22:09:18","modified_gmt":"2024-07-07T20:09:18","slug":"architecture-and-security","status":"publish","type":"page","link":"https:\/\/memority.p2.pp-izhak.fr\/en\/architecture-and-security\/","title":{"rendered":"Architecture and security"},"content":{"rendered":"","protected":false},"excerpt":{"rendered":"","protected":false},"author":1,"featured_media":872,"parent":0,"menu_order":0,"comment_status":"closed","ping_status":"closed","template":"tpl-advanced.php","meta":{"_acf_changed":false,"inline_featured_image":false,"footnotes":""},"class_list":["post-1306","page","type-page","status-publish","has-post-thumbnail","hentry"],"acf":[],"yoast_head":"<!-- This site is optimized with the Yoast SEO plugin v25.6 - https:\/\/yoast.com\/wordpress\/plugins\/seo\/ -->\n<title>Architecture and security - Memority<\/title>\n<meta name=\"description\" content=\"Bas\u00e9e sur une architecture innovante et une s\u00e9curit\u00e9 maximale, Memority d\u00e9livre ses services en toute confiance : d\u00e9couvrez comment.\" \/>\n<meta name=\"robots\" content=\"noindex, follow, max-snippet:-1, max-image-preview:large, max-video-preview:-1\" \/>\n<meta property=\"og:locale\" content=\"en_US\" \/>\n<meta property=\"og:type\" content=\"article\" \/>\n<meta property=\"og:title\" content=\"Architecture and security - Memority\" \/>\n<meta property=\"og:description\" content=\"Bas\u00e9e sur une architecture innovante et une s\u00e9curit\u00e9 maximale, Memority d\u00e9livre ses services en toute confiance : d\u00e9couvrez comment.\" \/>\n<meta property=\"og:url\" content=\"https:\/\/memority.p2.pp-izhak.fr\/architecture-et-securite\/\" \/>\n<meta property=\"og:site_name\" content=\"Memority\" \/>\n<meta property=\"article:modified_time\" content=\"2024-07-07T20:09:18+00:00\" \/>\n<meta property=\"og:image\" content=\"https:\/\/memority.p2.pp-izhak.fr\/wp-content\/uploads\/2024\/06\/memority-cadenas.jpg\" \/>\n\t<meta property=\"og:image:width\" content=\"1254\" \/>\n\t<meta property=\"og:image:height\" content=\"836\" \/>\n\t<meta property=\"og:image:type\" content=\"image\/jpeg\" \/>\n<meta name=\"twitter:card\" content=\"summary_large_image\" \/>\n<meta name=\"twitter:label1\" content=\"Est. reading time\" \/>\n\t<meta name=\"twitter:data1\" content=\"12 minutes\" \/>\n<script type=\"application\/ld+json\" class=\"yoast-schema-graph\">{\"@context\":\"https:\/\/schema.org\",\"@graph\":[{\"@type\":\"WebPage\",\"@id\":\"https:\/\/memority.p2.pp-izhak.fr\/architecture-et-securite\/\",\"url\":\"https:\/\/memority.p2.pp-izhak.fr\/architecture-et-securite\/\",\"name\":\"Architecture and security - Memority\",\"isPartOf\":{\"@id\":\"https:\/\/memority.p2.pp-izhak.fr\/#website\"},\"primaryImageOfPage\":{\"@id\":\"https:\/\/memority.p2.pp-izhak.fr\/architecture-et-securite\/#primaryimage\"},\"image\":{\"@id\":\"https:\/\/memority.p2.pp-izhak.fr\/architecture-et-securite\/#primaryimage\"},\"thumbnailUrl\":\"https:\/\/memority.p2.pp-izhak.fr\/wp-content\/uploads\/2024\/06\/memority-cadenas.jpg\",\"datePublished\":\"2024-06-13T15:47:35+00:00\",\"dateModified\":\"2024-07-07T20:09:18+00:00\",\"description\":\"Bas\u00e9e sur une architecture innovante et une s\u00e9curit\u00e9 maximale, Memority d\u00e9livre ses services en toute confiance : d\u00e9couvrez comment.\",\"breadcrumb\":{\"@id\":\"https:\/\/memority.p2.pp-izhak.fr\/architecture-et-securite\/#breadcrumb\"},\"inLanguage\":\"en-US\",\"potentialAction\":[{\"@type\":\"ReadAction\",\"target\":[\"https:\/\/memority.p2.pp-izhak.fr\/architecture-et-securite\/\"]}]},{\"@type\":\"ImageObject\",\"inLanguage\":\"en-US\",\"@id\":\"https:\/\/memority.p2.pp-izhak.fr\/architecture-et-securite\/#primaryimage\",\"url\":\"https:\/\/memority.p2.pp-izhak.fr\/wp-content\/uploads\/2024\/06\/memority-cadenas.jpg\",\"contentUrl\":\"https:\/\/memority.p2.pp-izhak.fr\/wp-content\/uploads\/2024\/06\/memority-cadenas.jpg\",\"width\":1254,\"height\":836,\"caption\":\"Big data. Information concept. 3D render\"},{\"@type\":\"BreadcrumbList\",\"@id\":\"https:\/\/memority.p2.pp-izhak.fr\/architecture-et-securite\/#breadcrumb\",\"itemListElement\":[{\"@type\":\"ListItem\",\"position\":1,\"name\":\"Home\",\"item\":\"https:\/\/memority.p2.pp-izhak.fr\/en\/\"},{\"@type\":\"ListItem\",\"position\":2,\"name\":\"Architecture and security\"}]},{\"@type\":\"WebSite\",\"@id\":\"https:\/\/memority.p2.pp-izhak.fr\/#website\",\"url\":\"https:\/\/memority.p2.pp-izhak.fr\/\",\"name\":\"Memority\",\"description\":\"L&#039;IDaaS europ\u00e9enau service des enjeux business\",\"potentialAction\":[{\"@type\":\"SearchAction\",\"target\":{\"@type\":\"EntryPoint\",\"urlTemplate\":\"https:\/\/memority.p2.pp-izhak.fr\/?s={search_term_string}\"},\"query-input\":{\"@type\":\"PropertyValueSpecification\",\"valueRequired\":true,\"valueName\":\"search_term_string\"}}],\"inLanguage\":\"en-US\"}]}<\/script>\n<!-- \/ Yoast SEO plugin. -->","yoast_head_json":{"title":"Architecture and security - Memority","description":"Bas\u00e9e sur une architecture innovante et une s\u00e9curit\u00e9 maximale, Memority d\u00e9livre ses services en toute confiance : d\u00e9couvrez comment.","robots":{"index":"noindex","follow":"follow","max-snippet":"max-snippet:-1","max-image-preview":"max-image-preview:large","max-video-preview":"max-video-preview:-1"},"og_locale":"en_US","og_type":"article","og_title":"Architecture and security - Memority","og_description":"Bas\u00e9e sur une architecture innovante et une s\u00e9curit\u00e9 maximale, Memority d\u00e9livre ses services en toute confiance : d\u00e9couvrez comment.","og_url":"https:\/\/memority.p2.pp-izhak.fr\/architecture-et-securite\/","og_site_name":"Memority","article_modified_time":"2024-07-07T20:09:18+00:00","og_image":[{"width":1254,"height":836,"url":"https:\/\/memority.p2.pp-izhak.fr\/wp-content\/uploads\/2024\/06\/memority-cadenas.jpg","type":"image\/jpeg"}],"twitter_card":"summary_large_image","twitter_misc":{"Est. reading time":"12 minutes"},"schema":{"@context":"https:\/\/schema.org","@graph":[{"@type":"WebPage","@id":"https:\/\/memority.p2.pp-izhak.fr\/architecture-et-securite\/","url":"https:\/\/memority.p2.pp-izhak.fr\/architecture-et-securite\/","name":"Architecture and security - Memority","isPartOf":{"@id":"https:\/\/memority.p2.pp-izhak.fr\/#website"},"primaryImageOfPage":{"@id":"https:\/\/memority.p2.pp-izhak.fr\/architecture-et-securite\/#primaryimage"},"image":{"@id":"https:\/\/memority.p2.pp-izhak.fr\/architecture-et-securite\/#primaryimage"},"thumbnailUrl":"https:\/\/memority.p2.pp-izhak.fr\/wp-content\/uploads\/2024\/06\/memority-cadenas.jpg","datePublished":"2024-06-13T15:47:35+00:00","dateModified":"2024-07-07T20:09:18+00:00","description":"Bas\u00e9e sur une architecture innovante et une s\u00e9curit\u00e9 maximale, Memority d\u00e9livre ses services en toute confiance : d\u00e9couvrez comment.","breadcrumb":{"@id":"https:\/\/memority.p2.pp-izhak.fr\/architecture-et-securite\/#breadcrumb"},"inLanguage":"en-US","potentialAction":[{"@type":"ReadAction","target":["https:\/\/memority.p2.pp-izhak.fr\/architecture-et-securite\/"]}]},{"@type":"ImageObject","inLanguage":"en-US","@id":"https:\/\/memority.p2.pp-izhak.fr\/architecture-et-securite\/#primaryimage","url":"https:\/\/memority.p2.pp-izhak.fr\/wp-content\/uploads\/2024\/06\/memority-cadenas.jpg","contentUrl":"https:\/\/memority.p2.pp-izhak.fr\/wp-content\/uploads\/2024\/06\/memority-cadenas.jpg","width":1254,"height":836,"caption":"Big data. Information concept. 3D render"},{"@type":"BreadcrumbList","@id":"https:\/\/memority.p2.pp-izhak.fr\/architecture-et-securite\/#breadcrumb","itemListElement":[{"@type":"ListItem","position":1,"name":"Home","item":"https:\/\/memority.p2.pp-izhak.fr\/en\/"},{"@type":"ListItem","position":2,"name":"Architecture and security"}]},{"@type":"WebSite","@id":"https:\/\/memority.p2.pp-izhak.fr\/#website","url":"https:\/\/memority.p2.pp-izhak.fr\/","name":"Memority","description":"L&#039;IDaaS europ\u00e9enau service des enjeux business","potentialAction":[{"@type":"SearchAction","target":{"@type":"EntryPoint","urlTemplate":"https:\/\/memority.p2.pp-izhak.fr\/?s={search_term_string}"},"query-input":{"@type":"PropertyValueSpecification","valueRequired":true,"valueName":"search_term_string"}}],"inLanguage":"en-US"}]}},"_links":{"self":[{"href":"https:\/\/memority.p2.pp-izhak.fr\/en\/wp-json\/wp\/v2\/pages\/1306","targetHints":{"allow":["GET"]}}],"collection":[{"href":"https:\/\/memority.p2.pp-izhak.fr\/en\/wp-json\/wp\/v2\/pages"}],"about":[{"href":"https:\/\/memority.p2.pp-izhak.fr\/en\/wp-json\/wp\/v2\/types\/page"}],"author":[{"embeddable":true,"href":"https:\/\/memority.p2.pp-izhak.fr\/en\/wp-json\/wp\/v2\/users\/1"}],"replies":[{"embeddable":true,"href":"https:\/\/memority.p2.pp-izhak.fr\/en\/wp-json\/wp\/v2\/comments?post=1306"}],"version-history":[{"count":2,"href":"https:\/\/memority.p2.pp-izhak.fr\/en\/wp-json\/wp\/v2\/pages\/1306\/revisions"}],"predecessor-version":[{"id":1308,"href":"https:\/\/memority.p2.pp-izhak.fr\/en\/wp-json\/wp\/v2\/pages\/1306\/revisions\/1308"}],"wp:featuredmedia":[{"embeddable":true,"href":"https:\/\/memority.p2.pp-izhak.fr\/en\/wp-json\/wp\/v2\/media\/872"}],"wp:attachment":[{"href":"https:\/\/memority.p2.pp-izhak.fr\/en\/wp-json\/wp\/v2\/media?parent=1306"}],"curies":[{"name":"wp","href":"https:\/\/api.w.org\/{rel}","templated":true}]}}