{"id":1328,"date":"2024-06-13T17:47:14","date_gmt":"2024-06-13T15:47:14","guid":{"rendered":"https:\/\/memority.p2.pp-izhak.fr\/evenements-et-salons\/"},"modified":"2024-07-07T22:34:20","modified_gmt":"2024-07-07T20:34:20","slug":"events-2","status":"publish","type":"page","link":"https:\/\/memority.p2.pp-izhak.fr\/en\/events-2\/","title":{"rendered":"Events"},"content":{"rendered":"<p>https:\/\/www.rencontres-numeriques-strasbourg.fr<a href=\"https:\/\/www.forum-fic.com\/\" target=\"_blank\" rel=\"noreferrer noopener\">Forum In-Cyber du 26 au 28 mars \u00e0 Lille<\/a><a href=\"https:\/\/www.forum-fic.com\/\" target=\"_blank\" rel=\"noreferrer noopener\">Forum In-Cyber du 26 au 28 mars \u00e0 Lille<\/a><a href=\"https:\/\/www.forum-fic.com\/\" target=\"_blank\" rel=\"noreferrer noopener\">Forum In-Cyber du 26 au 28 mars \u00e0 Lille<\/a><\/p>\n","protected":false},"excerpt":{"rendered":"<p>https:\/\/www.rencontres-numeriques-strasbourg.frForum In-Cyber du 26 au 28 mars \u00e0 LilleForum In-Cyber du 26 au 28 mars \u00e0 LilleForum In-Cyber du 26 au 28 mars \u00e0 Lille<\/p>\n","protected":false},"author":1,"featured_media":882,"parent":0,"menu_order":0,"comment_status":"closed","ping_status":"closed","template":"tpl-advanced.php","meta":{"_acf_changed":false,"inline_featured_image":false,"footnotes":""},"class_list":["post-1328","page","type-page","status-publish","has-post-thumbnail","hentry"],"acf":[],"yoast_head":"<!-- This site is optimized with the Yoast SEO plugin v25.6 - https:\/\/yoast.com\/wordpress\/plugins\/seo\/ -->\n<title>Nos Events - Memority<\/title>\n<meta name=\"description\" content=\"Memority est pr\u00e9sent \u00e0 de nombreux \u00e9v\u00e9nements et salons pour r\u00e9pondre \u00e0 vos probl\u00e9matiques et vous rencontrer.\" \/>\n<meta name=\"robots\" content=\"noindex, follow, max-snippet:-1, max-image-preview:large, max-video-preview:-1\" \/>\n<meta property=\"og:locale\" content=\"en_US\" \/>\n<meta property=\"og:type\" content=\"article\" \/>\n<meta property=\"og:title\" content=\"Nos Events - Memority\" \/>\n<meta property=\"og:description\" content=\"Memority est pr\u00e9sent \u00e0 de nombreux \u00e9v\u00e9nements et salons pour r\u00e9pondre \u00e0 vos probl\u00e9matiques et vous rencontrer.\" \/>\n<meta property=\"og:url\" content=\"https:\/\/memority.p2.pp-izhak.fr\/en\/events-2\/\" \/>\n<meta property=\"og:site_name\" content=\"Memority\" \/>\n<meta property=\"article:modified_time\" content=\"2024-07-07T20:34:20+00:00\" \/>\n<meta property=\"og:image\" content=\"https:\/\/memority.p2.pp-izhak.fr\/wp-content\/uploads\/2024\/06\/memority-salons.jpg\" \/>\n\t<meta property=\"og:image:width\" content=\"1254\" \/>\n\t<meta property=\"og:image:height\" content=\"836\" \/>\n\t<meta property=\"og:image:type\" content=\"image\/jpeg\" \/>\n<meta name=\"twitter:card\" content=\"summary_large_image\" \/>\n<meta name=\"twitter:label1\" content=\"Est. reading time\" \/>\n\t<meta name=\"twitter:data1\" content=\"3 minutes\" \/>\n<script type=\"application\/ld+json\" class=\"yoast-schema-graph\">{\"@context\":\"https:\/\/schema.org\",\"@graph\":[{\"@type\":\"WebPage\",\"@id\":\"https:\/\/memority.p2.pp-izhak.fr\/en\/events-2\/\",\"url\":\"https:\/\/memority.p2.pp-izhak.fr\/en\/events-2\/\",\"name\":\"Nos Events - Memority\",\"isPartOf\":{\"@id\":\"https:\/\/memority.p2.pp-izhak.fr\/#website\"},\"primaryImageOfPage\":{\"@id\":\"https:\/\/memority.p2.pp-izhak.fr\/en\/events-2\/#primaryimage\"},\"image\":{\"@id\":\"https:\/\/memority.p2.pp-izhak.fr\/en\/events-2\/#primaryimage\"},\"thumbnailUrl\":\"https:\/\/memority.p2.pp-izhak.fr\/wp-content\/uploads\/2024\/06\/memority-salons.jpg\",\"datePublished\":\"2024-06-13T15:47:14+00:00\",\"dateModified\":\"2024-07-07T20:34:20+00:00\",\"description\":\"Memority est pr\u00e9sent \u00e0 de nombreux \u00e9v\u00e9nements et salons pour r\u00e9pondre \u00e0 vos probl\u00e9matiques et vous rencontrer.\",\"breadcrumb\":{\"@id\":\"https:\/\/memority.p2.pp-izhak.fr\/en\/events-2\/#breadcrumb\"},\"inLanguage\":\"en-US\",\"potentialAction\":[{\"@type\":\"ReadAction\",\"target\":[\"https:\/\/memority.p2.pp-izhak.fr\/en\/events-2\/\"]}]},{\"@type\":\"ImageObject\",\"inLanguage\":\"en-US\",\"@id\":\"https:\/\/memority.p2.pp-izhak.fr\/en\/events-2\/#primaryimage\",\"url\":\"https:\/\/memority.p2.pp-izhak.fr\/wp-content\/uploads\/2024\/06\/memority-salons.jpg\",\"contentUrl\":\"https:\/\/memority.p2.pp-izhak.fr\/wp-content\/uploads\/2024\/06\/memority-salons.jpg\",\"width\":1254,\"height\":836,\"caption\":\"Abstract blurred event exhibition with people background, business convention show concept.\"},{\"@type\":\"BreadcrumbList\",\"@id\":\"https:\/\/memority.p2.pp-izhak.fr\/en\/events-2\/#breadcrumb\",\"itemListElement\":[{\"@type\":\"ListItem\",\"position\":1,\"name\":\"Home\",\"item\":\"https:\/\/memority.p2.pp-izhak.fr\/en\/\"},{\"@type\":\"ListItem\",\"position\":2,\"name\":\"Events\"}]},{\"@type\":\"WebSite\",\"@id\":\"https:\/\/memority.p2.pp-izhak.fr\/#website\",\"url\":\"https:\/\/memority.p2.pp-izhak.fr\/\",\"name\":\"Memority\",\"description\":\"L&#039;IDaaS europ\u00e9enau service des enjeux business\",\"potentialAction\":[{\"@type\":\"SearchAction\",\"target\":{\"@type\":\"EntryPoint\",\"urlTemplate\":\"https:\/\/memority.p2.pp-izhak.fr\/?s={search_term_string}\"},\"query-input\":{\"@type\":\"PropertyValueSpecification\",\"valueRequired\":true,\"valueName\":\"search_term_string\"}}],\"inLanguage\":\"en-US\"}]}<\/script>\n<!-- \/ Yoast SEO plugin. -->","yoast_head_json":{"title":"Nos Events - Memority","description":"Memority est pr\u00e9sent \u00e0 de nombreux \u00e9v\u00e9nements et salons pour r\u00e9pondre \u00e0 vos probl\u00e9matiques et vous rencontrer.","robots":{"index":"noindex","follow":"follow","max-snippet":"max-snippet:-1","max-image-preview":"max-image-preview:large","max-video-preview":"max-video-preview:-1"},"og_locale":"en_US","og_type":"article","og_title":"Nos Events - Memority","og_description":"Memority est pr\u00e9sent \u00e0 de nombreux \u00e9v\u00e9nements et salons pour r\u00e9pondre \u00e0 vos probl\u00e9matiques et vous rencontrer.","og_url":"https:\/\/memority.p2.pp-izhak.fr\/en\/events-2\/","og_site_name":"Memority","article_modified_time":"2024-07-07T20:34:20+00:00","og_image":[{"width":1254,"height":836,"url":"https:\/\/memority.p2.pp-izhak.fr\/wp-content\/uploads\/2024\/06\/memority-salons.jpg","type":"image\/jpeg"}],"twitter_card":"summary_large_image","twitter_misc":{"Est. reading time":"3 minutes"},"schema":{"@context":"https:\/\/schema.org","@graph":[{"@type":"WebPage","@id":"https:\/\/memority.p2.pp-izhak.fr\/en\/events-2\/","url":"https:\/\/memority.p2.pp-izhak.fr\/en\/events-2\/","name":"Nos Events - Memority","isPartOf":{"@id":"https:\/\/memority.p2.pp-izhak.fr\/#website"},"primaryImageOfPage":{"@id":"https:\/\/memority.p2.pp-izhak.fr\/en\/events-2\/#primaryimage"},"image":{"@id":"https:\/\/memority.p2.pp-izhak.fr\/en\/events-2\/#primaryimage"},"thumbnailUrl":"https:\/\/memority.p2.pp-izhak.fr\/wp-content\/uploads\/2024\/06\/memority-salons.jpg","datePublished":"2024-06-13T15:47:14+00:00","dateModified":"2024-07-07T20:34:20+00:00","description":"Memority est pr\u00e9sent \u00e0 de nombreux \u00e9v\u00e9nements et salons pour r\u00e9pondre \u00e0 vos probl\u00e9matiques et vous rencontrer.","breadcrumb":{"@id":"https:\/\/memority.p2.pp-izhak.fr\/en\/events-2\/#breadcrumb"},"inLanguage":"en-US","potentialAction":[{"@type":"ReadAction","target":["https:\/\/memority.p2.pp-izhak.fr\/en\/events-2\/"]}]},{"@type":"ImageObject","inLanguage":"en-US","@id":"https:\/\/memority.p2.pp-izhak.fr\/en\/events-2\/#primaryimage","url":"https:\/\/memority.p2.pp-izhak.fr\/wp-content\/uploads\/2024\/06\/memority-salons.jpg","contentUrl":"https:\/\/memority.p2.pp-izhak.fr\/wp-content\/uploads\/2024\/06\/memority-salons.jpg","width":1254,"height":836,"caption":"Abstract blurred event exhibition with people background, business convention show concept."},{"@type":"BreadcrumbList","@id":"https:\/\/memority.p2.pp-izhak.fr\/en\/events-2\/#breadcrumb","itemListElement":[{"@type":"ListItem","position":1,"name":"Home","item":"https:\/\/memority.p2.pp-izhak.fr\/en\/"},{"@type":"ListItem","position":2,"name":"Events"}]},{"@type":"WebSite","@id":"https:\/\/memority.p2.pp-izhak.fr\/#website","url":"https:\/\/memority.p2.pp-izhak.fr\/","name":"Memority","description":"L&#039;IDaaS europ\u00e9enau service des enjeux business","potentialAction":[{"@type":"SearchAction","target":{"@type":"EntryPoint","urlTemplate":"https:\/\/memority.p2.pp-izhak.fr\/?s={search_term_string}"},"query-input":{"@type":"PropertyValueSpecification","valueRequired":true,"valueName":"search_term_string"}}],"inLanguage":"en-US"}]}},"_links":{"self":[{"href":"https:\/\/memority.p2.pp-izhak.fr\/en\/wp-json\/wp\/v2\/pages\/1328","targetHints":{"allow":["GET"]}}],"collection":[{"href":"https:\/\/memority.p2.pp-izhak.fr\/en\/wp-json\/wp\/v2\/pages"}],"about":[{"href":"https:\/\/memority.p2.pp-izhak.fr\/en\/wp-json\/wp\/v2\/types\/page"}],"author":[{"embeddable":true,"href":"https:\/\/memority.p2.pp-izhak.fr\/en\/wp-json\/wp\/v2\/users\/1"}],"replies":[{"embeddable":true,"href":"https:\/\/memority.p2.pp-izhak.fr\/en\/wp-json\/wp\/v2\/comments?post=1328"}],"version-history":[{"count":2,"href":"https:\/\/memority.p2.pp-izhak.fr\/en\/wp-json\/wp\/v2\/pages\/1328\/revisions"}],"predecessor-version":[{"id":1330,"href":"https:\/\/memority.p2.pp-izhak.fr\/en\/wp-json\/wp\/v2\/pages\/1328\/revisions\/1330"}],"wp:featuredmedia":[{"embeddable":true,"href":"https:\/\/memority.p2.pp-izhak.fr\/en\/wp-json\/wp\/v2\/media\/882"}],"wp:attachment":[{"href":"https:\/\/memority.p2.pp-izhak.fr\/en\/wp-json\/wp\/v2\/media?parent=1328"}],"curies":[{"name":"wp","href":"https:\/\/api.w.org\/{rel}","templated":true}]}}