{"id":1348,"date":"2024-06-13T17:46:11","date_gmt":"2024-06-13T15:46:11","guid":{"rendered":"https:\/\/memority.p2.pp-izhak.fr\/cas-dusage-et-references\/"},"modified":"2024-07-07T22:57:49","modified_gmt":"2024-07-07T20:57:49","slug":"use-cases-and-credentials","status":"publish","type":"page","link":"https:\/\/memority.p2.pp-izhak.fr\/en\/use-cases-and-credentials\/","title":{"rendered":"References"},"content":{"rendered":"","protected":false},"excerpt":{"rendered":"","protected":false},"author":1,"featured_media":0,"parent":0,"menu_order":0,"comment_status":"closed","ping_status":"closed","template":"tpl-advanced.php","meta":{"_acf_changed":false,"inline_featured_image":false,"footnotes":""},"class_list":["post-1348","page","type-page","status-publish","hentry"],"acf":[],"yoast_head":"<!-- This site is optimized with the Yoast SEO plugin v25.6 - https:\/\/yoast.com\/wordpress\/plugins\/seo\/ -->\n<title>Nos References - Memority<\/title>\n<meta name=\"description\" content=\"Memority compte de nombreuses r\u00e9f\u00e9rences dans des secteurs vari\u00e9s : automobile, \u00e9nergie, a\u00e9ronautique, services, retail, banque\" \/>\n<meta name=\"robots\" content=\"noindex, follow, max-snippet:-1, max-image-preview:large, max-video-preview:-1\" \/>\n<meta property=\"og:locale\" content=\"en_US\" \/>\n<meta property=\"og:type\" content=\"article\" \/>\n<meta property=\"og:title\" content=\"Nos References - Memority\" \/>\n<meta property=\"og:description\" content=\"Memority compte de nombreuses r\u00e9f\u00e9rences dans des secteurs vari\u00e9s : automobile, \u00e9nergie, a\u00e9ronautique, services, retail, banque\" \/>\n<meta property=\"og:url\" content=\"https:\/\/memority.p2.pp-izhak.fr\/en\/use-cases-and-credentials\/\" \/>\n<meta property=\"og:site_name\" content=\"Memority\" \/>\n<meta property=\"article:modified_time\" content=\"2024-07-07T20:57:49+00:00\" \/>\n<meta name=\"twitter:card\" content=\"summary_large_image\" \/>\n<meta name=\"twitter:label1\" content=\"Est. reading time\" \/>\n\t<meta name=\"twitter:data1\" content=\"4 minutes\" \/>\n<script type=\"application\/ld+json\" class=\"yoast-schema-graph\">{\"@context\":\"https:\/\/schema.org\",\"@graph\":[{\"@type\":\"WebPage\",\"@id\":\"https:\/\/memority.p2.pp-izhak.fr\/en\/use-cases-and-credentials\/\",\"url\":\"https:\/\/memority.p2.pp-izhak.fr\/en\/use-cases-and-credentials\/\",\"name\":\"Nos References - Memority\",\"isPartOf\":{\"@id\":\"https:\/\/memority.p2.pp-izhak.fr\/#website\"},\"datePublished\":\"2024-06-13T15:46:11+00:00\",\"dateModified\":\"2024-07-07T20:57:49+00:00\",\"description\":\"Memority compte de nombreuses r\u00e9f\u00e9rences dans des secteurs vari\u00e9s : automobile, \u00e9nergie, a\u00e9ronautique, services, retail, banque\",\"breadcrumb\":{\"@id\":\"https:\/\/memority.p2.pp-izhak.fr\/en\/use-cases-and-credentials\/#breadcrumb\"},\"inLanguage\":\"en-US\",\"potentialAction\":[{\"@type\":\"ReadAction\",\"target\":[\"https:\/\/memority.p2.pp-izhak.fr\/en\/use-cases-and-credentials\/\"]}]},{\"@type\":\"BreadcrumbList\",\"@id\":\"https:\/\/memority.p2.pp-izhak.fr\/en\/use-cases-and-credentials\/#breadcrumb\",\"itemListElement\":[{\"@type\":\"ListItem\",\"position\":1,\"name\":\"Home\",\"item\":\"https:\/\/memority.p2.pp-izhak.fr\/en\/\"},{\"@type\":\"ListItem\",\"position\":2,\"name\":\"References\"}]},{\"@type\":\"WebSite\",\"@id\":\"https:\/\/memority.p2.pp-izhak.fr\/#website\",\"url\":\"https:\/\/memority.p2.pp-izhak.fr\/\",\"name\":\"Memority\",\"description\":\"L&#039;IDaaS europ\u00e9enau service des enjeux business\",\"potentialAction\":[{\"@type\":\"SearchAction\",\"target\":{\"@type\":\"EntryPoint\",\"urlTemplate\":\"https:\/\/memority.p2.pp-izhak.fr\/?s={search_term_string}\"},\"query-input\":{\"@type\":\"PropertyValueSpecification\",\"valueRequired\":true,\"valueName\":\"search_term_string\"}}],\"inLanguage\":\"en-US\"}]}<\/script>\n<!-- \/ Yoast SEO plugin. -->","yoast_head_json":{"title":"Nos References - Memority","description":"Memority compte de nombreuses r\u00e9f\u00e9rences dans des secteurs vari\u00e9s : automobile, \u00e9nergie, a\u00e9ronautique, services, retail, banque","robots":{"index":"noindex","follow":"follow","max-snippet":"max-snippet:-1","max-image-preview":"max-image-preview:large","max-video-preview":"max-video-preview:-1"},"og_locale":"en_US","og_type":"article","og_title":"Nos References - Memority","og_description":"Memority compte de nombreuses r\u00e9f\u00e9rences dans des secteurs vari\u00e9s : automobile, \u00e9nergie, a\u00e9ronautique, services, retail, banque","og_url":"https:\/\/memority.p2.pp-izhak.fr\/en\/use-cases-and-credentials\/","og_site_name":"Memority","article_modified_time":"2024-07-07T20:57:49+00:00","twitter_card":"summary_large_image","twitter_misc":{"Est. reading time":"4 minutes"},"schema":{"@context":"https:\/\/schema.org","@graph":[{"@type":"WebPage","@id":"https:\/\/memority.p2.pp-izhak.fr\/en\/use-cases-and-credentials\/","url":"https:\/\/memority.p2.pp-izhak.fr\/en\/use-cases-and-credentials\/","name":"Nos References - Memority","isPartOf":{"@id":"https:\/\/memority.p2.pp-izhak.fr\/#website"},"datePublished":"2024-06-13T15:46:11+00:00","dateModified":"2024-07-07T20:57:49+00:00","description":"Memority compte de nombreuses r\u00e9f\u00e9rences dans des secteurs vari\u00e9s : automobile, \u00e9nergie, a\u00e9ronautique, services, retail, banque","breadcrumb":{"@id":"https:\/\/memority.p2.pp-izhak.fr\/en\/use-cases-and-credentials\/#breadcrumb"},"inLanguage":"en-US","potentialAction":[{"@type":"ReadAction","target":["https:\/\/memority.p2.pp-izhak.fr\/en\/use-cases-and-credentials\/"]}]},{"@type":"BreadcrumbList","@id":"https:\/\/memority.p2.pp-izhak.fr\/en\/use-cases-and-credentials\/#breadcrumb","itemListElement":[{"@type":"ListItem","position":1,"name":"Home","item":"https:\/\/memority.p2.pp-izhak.fr\/en\/"},{"@type":"ListItem","position":2,"name":"References"}]},{"@type":"WebSite","@id":"https:\/\/memority.p2.pp-izhak.fr\/#website","url":"https:\/\/memority.p2.pp-izhak.fr\/","name":"Memority","description":"L&#039;IDaaS europ\u00e9enau service des enjeux business","potentialAction":[{"@type":"SearchAction","target":{"@type":"EntryPoint","urlTemplate":"https:\/\/memority.p2.pp-izhak.fr\/?s={search_term_string}"},"query-input":{"@type":"PropertyValueSpecification","valueRequired":true,"valueName":"search_term_string"}}],"inLanguage":"en-US"}]}},"_links":{"self":[{"href":"https:\/\/memority.p2.pp-izhak.fr\/en\/wp-json\/wp\/v2\/pages\/1348","targetHints":{"allow":["GET"]}}],"collection":[{"href":"https:\/\/memority.p2.pp-izhak.fr\/en\/wp-json\/wp\/v2\/pages"}],"about":[{"href":"https:\/\/memority.p2.pp-izhak.fr\/en\/wp-json\/wp\/v2\/types\/page"}],"author":[{"embeddable":true,"href":"https:\/\/memority.p2.pp-izhak.fr\/en\/wp-json\/wp\/v2\/users\/1"}],"replies":[{"embeddable":true,"href":"https:\/\/memority.p2.pp-izhak.fr\/en\/wp-json\/wp\/v2\/comments?post=1348"}],"version-history":[{"count":2,"href":"https:\/\/memority.p2.pp-izhak.fr\/en\/wp-json\/wp\/v2\/pages\/1348\/revisions"}],"predecessor-version":[{"id":1350,"href":"https:\/\/memority.p2.pp-izhak.fr\/en\/wp-json\/wp\/v2\/pages\/1348\/revisions\/1350"}],"wp:attachment":[{"href":"https:\/\/memority.p2.pp-izhak.fr\/en\/wp-json\/wp\/v2\/media?parent=1348"}],"curies":[{"name":"wp","href":"https:\/\/api.w.org\/{rel}","templated":true}]}}